{"id":615,"date":"2024-01-08T14:33:39","date_gmt":"2024-01-08T13:33:39","guid":{"rendered":"https:\/\/sp31.miastozabrze.pl\/?page_id=615"},"modified":"2025-10-20T13:14:19","modified_gmt":"2025-10-20T11:14:19","slug":"samorzad-szkolny","status":"publish","type":"page","link":"https:\/\/sp31.miastozabrze.pl\/?page_id=615","title":{"rendered":"SAMORZ\u0104D SZKOLNY"},"content":{"rendered":"\n<p><strong>Rok szkolny 2025\/26<\/strong><\/p>\n\n\n\n<p><\/p>\n\n\n\n<p>Paulina G\u00f3rska-przewodnicz\u0105ca<\/p>\n\n\n\n<p>Bartek Goik-zast\u0119pca<\/p>\n\n\n\n<p>Leon B\u0142aszczyk- zast\u0119pca<\/p>\n\n\n\n<p>Ma\u0142gorzata Wielgosz- zast\u0119pca<\/p>\n\n\n\n<p><\/p>\n\n\n\n<p><strong>opiekunowie:<\/strong><\/p>\n\n\n\n<ul class=\"wp-block-list\">\n<li>mgr Katarzyna Krulicka <\/li>\n\n\n\n<li>mgr Barbara Bia\u0142as<\/li>\n<\/ul>\n\n\n\n<p><\/p>\n","protected":false},"excerpt":{"rendered":"<p>Rok szkolny 2025\/26 Paulina G\u00f3rska-przewodnicz\u0105ca Bartek Goik-zast\u0119pca Leon B\u0142aszczyk- zast\u0119pca Ma\u0142gorzata Wielgosz- zast\u0119pca opiekunowie:<\/p>\n","protected":false},"author":1,"featured_media":0,"parent":0,"menu_order":0,"comment_status":"closed","ping_status":"closed","template":"","meta":{"_regular_price":[],"currency_symbol":[],"_kadence_starter_templates_imported_post":false,"footnotes":""},"class_list":["post-615","page","type-page","status-publish","hentry"],"post_slider_layout_featured_media_urls":{"thumbnail":"","post_slider_layout_landscape_large":"","post_slider_layout_portrait_large":"","post_slider_layout_square_large":"","post_slider_layout_landscape":"","post_slider_layout_portrait":"","post_slider_layout_square":"","full":""},"_links":{"self":[{"href":"https:\/\/sp31.miastozabrze.pl\/index.php?rest_route=\/wp\/v2\/pages\/615","targetHints":{"allow":["GET"]}}],"collection":[{"href":"https:\/\/sp31.miastozabrze.pl\/index.php?rest_route=\/wp\/v2\/pages"}],"about":[{"href":"https:\/\/sp31.miastozabrze.pl\/index.php?rest_route=\/wp\/v2\/types\/page"}],"author":[{"embeddable":true,"href":"https:\/\/sp31.miastozabrze.pl\/index.php?rest_route=\/wp\/v2\/users\/1"}],"replies":[{"embeddable":true,"href":"https:\/\/sp31.miastozabrze.pl\/index.php?rest_route=%2Fwp%2Fv2%2Fcomments&post=615"}],"version-history":[{"count":8,"href":"https:\/\/sp31.miastozabrze.pl\/index.php?rest_route=\/wp\/v2\/pages\/615\/revisions"}],"predecessor-version":[{"id":2714,"href":"https:\/\/sp31.miastozabrze.pl\/index.php?rest_route=\/wp\/v2\/pages\/615\/revisions\/2714"}],"wp:attachment":[{"href":"https:\/\/sp31.miastozabrze.pl\/index.php?rest_route=%2Fwp%2Fv2%2Fmedia&parent=615"}],"curies":[{"name":"wp","href":"https:\/\/api.w.org\/{rel}","templated":true}]}}