{"id":2812,"date":"2026-02-02T09:55:20","date_gmt":"2026-02-02T08:55:20","guid":{"rendered":"https:\/\/sp31.miastozabrze.pl\/?page_id=2812"},"modified":"2026-04-08T08:18:52","modified_gmt":"2026-04-08T06:18:52","slug":"kpo","status":"publish","type":"page","link":"https:\/\/sp31.miastozabrze.pl\/?page_id=2812","title":{"rendered":"KPO"},"content":{"rendered":"\n<p>Nowoczesny sprz\u0119t dla SP31 w Zabrzu<\/p>\n\n\n\n<p>Nasza szko\u0142a otrzyma\u0142a laptopy, laptopy przegl\u0105darkowe i tablety w ramach rz\u0105dowego programu Krajowego Planu Odbudowy.<\/p>\n\n\n\n<p>Wsparcie zosta\u0142o zrealizowane w ramach inwestycji: \u201eWdra\u017canie inwestycji C2.1.2 \u201e<em>Wyr\u00f3wnanie poziomu wyposa\u017cenia szk\u00f3\u0142 w przeno\u015bne urz\u0105dzenia multimedialne \u2013 inwestycje zwi\u0105zane ze spe\u0142nieniem minimalnych standard\u00f3w sprz\u0119towych<\/em>, wska\u017anik C15G&nbsp;<em>Nowe komputery przeno\u015bne (laptopy, laptopy przegl\u0105darkowe i tablety) do dyspozycji uczni\u00f3w<\/em>\u201d.<\/p>\n\n\n\n<p>\u0141\u0105czna kwota dofinansowania tego projektu ze \u015brodk\u00f3w Unii Europejskiej wynosi 1410 000 000 PLN<\/p>\n\n\n\n<p>Dzi\u0119ki realizacji inwestycji nasza szko\u0142a zosta\u0142a doposa\u017cona w nowoczesny sprz\u0119t komputerowy, kt\u00f3ry wesprze prowadzenie zaj\u0119\u0107.<\/p>\n\n\n\n<figure class=\"wp-block-image size-full is-resized\"><img loading=\"lazy\" decoding=\"async\" width=\"945\" height=\"142\" src=\"https:\/\/sp31.miastozabrze.pl\/wp-content\/uploads\/2026\/04\/image-3.png\" alt=\"\" class=\"wp-image-2984\" style=\"width:925px;height:auto\" srcset=\"https:\/\/sp31.miastozabrze.pl\/wp-content\/uploads\/2026\/04\/image-3.png 945w, https:\/\/sp31.miastozabrze.pl\/wp-content\/uploads\/2026\/04\/image-3-300x45.png 300w, https:\/\/sp31.miastozabrze.pl\/wp-content\/uploads\/2026\/04\/image-3-768x115.png 768w\" sizes=\"auto, (max-width: 945px) 100vw, 945px\" \/><\/figure>\n\n\n\n<figure class=\"wp-block-image size-full\"><img loading=\"lazy\" decoding=\"async\" width=\"945\" height=\"142\" src=\"https:\/\/sp31.miastozabrze.pl\/wp-content\/uploads\/2026\/03\/656026031_1548766733256372_2661439160383740588_n.jpg\" alt=\"\" class=\"wp-image-2969\" srcset=\"https:\/\/sp31.miastozabrze.pl\/wp-content\/uploads\/2026\/03\/656026031_1548766733256372_2661439160383740588_n.jpg 945w, https:\/\/sp31.miastozabrze.pl\/wp-content\/uploads\/2026\/03\/656026031_1548766733256372_2661439160383740588_n-300x45.jpg 300w, https:\/\/sp31.miastozabrze.pl\/wp-content\/uploads\/2026\/03\/656026031_1548766733256372_2661439160383740588_n-768x115.jpg 768w\" sizes=\"auto, (max-width: 945px) 100vw, 945px\" \/><\/figure>\n\n\n\n<p><\/p>\n","protected":false},"excerpt":{"rendered":"<p>Nowoczesny sprz\u0119t dla SP31 w Zabrzu Nasza szko\u0142a otrzyma\u0142a laptopy, laptopy przegl\u0105darkowe i tablety w ramach rz\u0105dowego programu Krajowego Planu Odbudowy. Wsparcie zosta\u0142o zrealizowane w [&hellip;]<\/p>\n","protected":false},"author":1,"featured_media":0,"parent":0,"menu_order":0,"comment_status":"closed","ping_status":"closed","template":"","meta":{"_regular_price":[],"currency_symbol":[],"_kadence_starter_templates_imported_post":false,"footnotes":""},"class_list":["post-2812","page","type-page","status-publish","hentry"],"post_slider_layout_featured_media_urls":{"thumbnail":"","post_slider_layout_landscape_large":"","post_slider_layout_portrait_large":"","post_slider_layout_square_large":"","post_slider_layout_landscape":"","post_slider_layout_portrait":"","post_slider_layout_square":"","full":""},"_links":{"self":[{"href":"https:\/\/sp31.miastozabrze.pl\/index.php?rest_route=\/wp\/v2\/pages\/2812","targetHints":{"allow":["GET"]}}],"collection":[{"href":"https:\/\/sp31.miastozabrze.pl\/index.php?rest_route=\/wp\/v2\/pages"}],"about":[{"href":"https:\/\/sp31.miastozabrze.pl\/index.php?rest_route=\/wp\/v2\/types\/page"}],"author":[{"embeddable":true,"href":"https:\/\/sp31.miastozabrze.pl\/index.php?rest_route=\/wp\/v2\/users\/1"}],"replies":[{"embeddable":true,"href":"https:\/\/sp31.miastozabrze.pl\/index.php?rest_route=%2Fwp%2Fv2%2Fcomments&post=2812"}],"version-history":[{"count":3,"href":"https:\/\/sp31.miastozabrze.pl\/index.php?rest_route=\/wp\/v2\/pages\/2812\/revisions"}],"predecessor-version":[{"id":2985,"href":"https:\/\/sp31.miastozabrze.pl\/index.php?rest_route=\/wp\/v2\/pages\/2812\/revisions\/2985"}],"wp:attachment":[{"href":"https:\/\/sp31.miastozabrze.pl\/index.php?rest_route=%2Fwp%2Fv2%2Fmedia&parent=2812"}],"curies":[{"name":"wp","href":"https:\/\/api.w.org\/{rel}","templated":true}]}}