{"id":2069,"date":"2025-03-07T15:37:22","date_gmt":"2025-03-07T14:37:22","guid":{"rendered":"https:\/\/sp31.miastozabrze.pl\/?page_id=2069"},"modified":"2025-06-08T11:08:56","modified_gmt":"2025-06-08T09:08:56","slug":"rodo","status":"publish","type":"page","link":"https:\/\/sp31.miastozabrze.pl\/?page_id=2069","title":{"rendered":"Rodo"},"content":{"rendered":"\n<p><\/p>\n\n\n\n<p><strong>OCHRONA DANYCH OSOBOWYCH<\/strong><\/p>\n\n\n\n<p><strong>Podstawa prawna:<\/strong><\/p>\n\n\n\n<ol start=\"1\" class=\"wp-block-list\">\n<li>Rozporz\u0105dzenie Parlamentu Europejskiego i Rady (UE) 2016\/679 z dnia 27 kwietnia 2016 r. w sprawie ochrony os\u00f3b fizycznych w zwi\u0105zku z przetwarzaniem danych osobowych i w sprawie swobodnego przep\u0142ywu takich danych oraz uchylenia dyrektywy 95\/46\/WE (og\u00f3lne rozporz\u0105dzenie o ochronie danych)<\/li>\n\n\n\n<li>Ustawa z 10 maja 2018 roku o ochronie danych osobowych<\/li>\n<\/ol>\n\n\n\n<p><strong>Administrator Danych Osobowych:<\/strong><\/p>\n\n\n\n<p>Szko\u0142a Podstawowa nr 31 w Zabrzu,<\/p>\n\n\n\n<p>ul. Jordana 7, 41-800 Zabrze,<\/p>\n\n\n\n<p>tel. 032\/272 21 09,<\/p>\n\n\n\n<p>e-mail: sekretariat@sp31.zabrze.pl<\/p>\n\n\n\n<p><strong>Inspektor Ochrony Danych Osobowych:<\/strong><\/p>\n\n\n\n<p>Patrycja H\u0142ado\u0144&nbsp;&nbsp;&nbsp;&nbsp;&nbsp;&nbsp;&nbsp;&nbsp;&nbsp;<\/p>\n\n\n\n<p>e-mail: patrycja@informatics.jaworzno.pl<\/p>\n\n\n\n<p>tel. 668 416 144<\/p>\n\n\n\n<p><strong>Zast\u0119pcy Inspektora Ochrony Danych Osobowych:<\/strong><\/p>\n\n\n\n<ol start=\"1\" class=\"wp-block-list\">\n<li>Sylwia Zabder<\/li>\n<\/ol>\n\n\n\n<p>e-mail: sylwia@informatics.jaworzno.pl<\/p>\n\n\n\n<p>tel. 668413340<\/p>\n\n\n\n<ol start=\"2\" class=\"wp-block-list\">\n<li>Angelika Klimczak<\/li>\n<\/ol>\n\n\n\n<p>e-mail: angelika@informatics.jaworzno.pl<\/p>\n\n\n\n<p>tel. 734459362<\/p>\n\n\n\n<ol start=\"3\" class=\"wp-block-list\">\n<li>Marcin Zem\u0142a<\/li>\n<\/ol>\n\n\n\n<p>e-mail: marcin@informatics.jaworzno.pl<\/p>\n\n\n\n<p>&nbsp;tel. 600991705<\/p>\n\n\n\n<p><strong>Realizacja praw w\u0142a\u015bciciela danych:<\/strong><\/p>\n\n\n\n<div class=\"wp-block-file\"><a id=\"wp-block-file--media-b7307a0f-6570-488a-a49f-0091923003c2\" href=\"https:\/\/sp31.miastozabrze.pl\/wp-content\/uploads\/2025\/03\/WNIOSEK-O-REALIZACJE-PRAW-WLASCICIELA-DANYCH-3.pdf\">WNIOSEK O REALIZACJ\u0118 PRAW W\u0141A\u015aCICIELA DANYCH<\/a><a href=\"https:\/\/sp31.miastozabrze.pl\/wp-content\/uploads\/2025\/03\/WNIOSEK-O-REALIZACJE-PRAW-WLASCICIELA-DANYCH-3.pdf\" class=\"wp-block-file__button wp-element-button\" download aria-describedby=\"wp-block-file--media-b7307a0f-6570-488a-a49f-0091923003c2\">Pobierz<\/a><\/div>\n\n\n\n<p><strong>Klauzula informacyjna dot. przetwarzania danych osobowych w zakresie dzia\u0142alno\u015bci statutowej Administratora<\/strong>:<\/p>\n\n\n\n<p><br><strong>ADMINISTRATOR DANYCH OSOBOWYCH<\/strong><\/p>\n\n\n\n<p class=\"has-text-align-left\"><br>Zgodnie z art. 13 i 14 rozporz\u0105dzenia Parlamentu Europejskiego i Rady (UE) 2016\/679 z dnia 27<br>kwietnia 2016 r. w sprawie ochrony os\u00f3b fizycznych w zwi\u0105zku z przetwarzaniem danych<br>osobowych i w sprawie swobodnego przep\u0142ywu takich danych oraz uchylenia dyrektywy 95\/46\/WE<br>(og\u00f3lne rozporz\u0105dzenie o ochronie danych), dalej \u201eRODO\u201d informujemy, \u017ce administratorem<br>danych osobowych (dalej jako: \u201eAdministrator&#8221;) jest Szko\u0142a Podstawowa nr 31 w Zabrzu, ul.<br>Jordana 7, 41-800 Zabrze, tel. 032\/272 21 09, e-mail: sekretariat@sp31.zabrze.pl.<br>DANE KONTAKTOWE INSPEKTORA OCHRONY DANYCH OSOBOWYCH<br>We wszelkich sprawach zwi\u0105zanych z przetwarzaniem danych osobowych przez Administratora<br>Danych mo\u017cna uzyska\u0107 informacj\u0119, kontaktuj\u0105c si\u0119 z Inspektorem Ochrony Danych \u2013 Pani\u0105<br>Patrycj\u0105 H\u0142ado\u0144 w nast\u0119puj\u0105cych formach: przesy\u0142aj\u0105c informacj\u0119 na adres e-mail:<br>patrycja@informatics.jaworzno.pl, telefonicznie pod numerem: 668416144, listownie i osobi\u015bcie<br>pod adresem siedziby Administratora.<br>CEL ORAZ PODSTAWA PRAWNA PRZETWARZANIA DANYCH<br>Podstawa prawna przetwarzania danych w zakresie dzia\u0142a\u0144 stanowi\u0105cych g\u0142\u00f3wny cel<br>Administratora wynika w szczeg\u00f3lno\u015bci z art. 6 ust. 1 lit. C RODO (przetwarzanie jest niezb\u0119dne<br>do wype\u0142nienia obowi\u0105zku prawnego ci\u0105\u017c\u0105cego na administratorze w zwi\u0105zku z obowi\u0105zuj\u0105cymi<br>przepisami: Konstytucj\u0105 Rzeczypospolitej Polskiej, ustaw\u0105 z dnia 14 grudnia 2016 r. prawo<br>o\u015bwiatowe, ustaw\u0105 z dnia 26 stycznia 1982 r. Karta Nauczyciela, ustaw\u0105 z dnia 7 wrze\u015bnia 1991 r.<br>o systemie o\u015bwiaty, ustaw\u0105 z dnia 27 pa\u017adziernika 2017 r. o finansowaniu zada\u0144 o\u015bwiatowych,<br>ustaw\u0105 z dnia 22 listopada 2018 r. o zmianie ustawy &#8211; prawo o\u015bwiatowe, ustawy o systemie<br>o\u015bwiaty oraz niekt\u00f3rych innych ustaw.<br>OKRES PRZECHOWYWANIA DANYCH<br>Pa\u0144stwa dane osobowe b\u0119d\u0105 przechowywane albo przez okres zgodny z odpowiednimi<br>przepisami prawa dot. post\u0119powania z dokumentacj\u0105, zasad jej klasyfikowania i kwalifikowania<br>oraz zasad i trybu przekazywania materia\u0142\u00f3w archiwalnych do archiw\u00f3w pa\u0144stwowych albo do<br>momentu wycofania zgody przez osob\u0119, kt\u00f3rej dane dotycz\u0105, je\u015bli dane s\u0105 przetwarzane w oparciu<br>o wyra\u017con\u0105 zgod\u0119.<br>ODBIORCY DANYCH<br>Dost\u0119p do danych b\u0119d\u0105 mia\u0142y osoby pracuj\u0105ce i wsp\u00f3\u0142pracuj\u0105ce z Administratorem danych w<br>zakresie realizacji dzia\u0142a\u0144 statutowych jednostki oraz podmioty realizuj\u0105ce us\u0142ugi<br>prawno-finansowe oraz informatyczne na rzecz Administratora danych \u2013 ka\u017cdorazowo b\u0119d\u0105<br>zawierane w\u00f3wczas umowy powierzenia. Pa\u0144stwa dane w przypadkach \u015bci\u015ble okre\u015blonych<br>przepisami prawa mog\u0105 zosta\u0107 ujawnione poprzez przes\u0142anie uprawnionym podmiotom.<br>PRZEKAZYWANIE DANYCH OSOBOWYCH POZA OBSZAR EOG<br>Administrator nie zamierza przekazywa\u0107 Pa\u0144stwa danych poza obszar Europejskiego Obszaru<br>Gospodarczego (tj. obszar obejmuj\u0105cy kraje Unii Europejskiej, Norwegi\u0119, Liechtenstein i Islandi\u0119).<br>PRAWA OSOBY, KT\u00d3REJ DANE DOTYCZ\u0104<br>Informujemy, \u017ce przys\u0142uguj\u0105 Pa\u0144stwu nast\u0119puj\u0105ce prawa dotycz\u0105ce danych osobowych:<br>1) dost\u0119p do swoich danych osobowych, tj. uzyskania informacji, czy Administrator przetwarza<br>Pa\u0144stwa dane, a je\u015bli tak to w jakim zakresie,<br>2) sprostowania danych osobowych, w przypadku, gdy Pa\u0144stwa zdaniem s\u0105 one<br>nieprawid\u0142owe lub niekompletne,<br>3) ograniczenie przetwarzania danych, tj. nakazania przechowywania danych dotychczas<br>zebranych przez Administratora i wstrzymania dalszych operacji danych,<br>4) usuni\u0119cia danych osobowych,<br>5) przenoszenia danych osobowych,<br>6) prawo do cofni\u0119cia zgody w dowolnym momencie, gdy przetwarzanie danych odbywa si\u0119 w<br>oparciu o wyra\u017con\u0105 zgod\u0119 \u2013 z zastrze\u017ceniem, \u017ce wycofanie tej zgody nie wp\u0142ywa na<br>zgodno\u015b\u0107 z prawem przetwarzania, kt\u00f3rego dokonano na podstawie zgody przed jej<br>cofni\u0119ciem,<br>7) prawo do sprzeciwu,<br>8) wniesienia skargi do organu nadzorczego \u2013 Prezesa Urz\u0119du Ochrony Danych Osobowych<br>w przypadku, gdy Pa\u0144stwa zdaniem przetwarzanie danych osobowych przez<br>Administratora odbywa si\u0119 z naruszeniem prawa pod adresem ul. Stawki 2, 00-193<br>Warszawa.<br>PODSTAWA PODANIA DANYCH OSOBOWYCH<br>Podanie przez Pa\u0144stwa danych osobowych jest wymogiem ustawowym koniecznym do realizacji<br>zada\u0144 statutowych plac\u00f3wki. Dodatkowo mo\u017cemy prosi\u0107 o podanie danych opcjonalnych za<br>Pa\u0144stwa zgod\u0105, kt\u00f3rych niepodanie znacz\u0105co utrudni prawid\u0142ow\u0105 organizacj\u0119 pracy szko\u0142y i<br>wp\u0142ynie na jako\u015b\u0107 \u015bwiadczonych us\u0142ug, jak r\u00f3wnie\u017c mo\u017ce zawa\u017cy\u0107 na bezpiecze\u0144stwu<br>wychowank\u00f3w.<br>INFORMACJA O ZAUTOMATYZOWANYM PODEJMOWANIU DECYZJI<br>Pa\u0144stwa dane nie b\u0119d\u0105 przetwarzane w spos\u00f3b zautomatyzowany w tym r\u00f3wnie\u017c profilowane, co<br>oznacza, \u017ce \u017cadne decyzje wywo\u0142uj\u0105ce wobec Pa\u0144stwa skutki prawne lub w podobny spos\u00f3b na<br>Pa\u0144stwa istotnie wp\u0142ywaj\u0105ce nie b\u0119d\u0105 oparte wy\u0142\u0105cznie na automatycznym przetwarzaniu danych<br>osobowych i nie wi\u0105\u017c\u0105 si\u0119 z tak\u0105 automatycznie podejmowan\u0105 decyzj\u0105.<\/p>\n\n\n\n<p><\/p>\n\n\n\n<p><strong>Informacje dot. przetwarzania danych przez Administratora:<\/strong><\/p>\n\n\n\n<div class=\"wp-block-file\"><a id=\"wp-block-file--media-74cddcfc-ee5c-415d-85f7-e70187c282d7\" href=\"https:\/\/sp31.miastozabrze.pl\/wp-content\/uploads\/2025\/03\/Informacja-dot-przetwarzania-danych-osobowych-w-zakresie-rekrutacji-uczniow-2.pdf\">Informacja-dot-przetwarzania-danych-osobowych-w-zakresie-rekrutacji-uczniow<\/a><a href=\"https:\/\/sp31.miastozabrze.pl\/wp-content\/uploads\/2025\/03\/Informacja-dot-przetwarzania-danych-osobowych-w-zakresie-rekrutacji-uczniow-2.pdf\" class=\"wp-block-file__button wp-element-button\" download aria-describedby=\"wp-block-file--media-74cddcfc-ee5c-415d-85f7-e70187c282d7\">Pobierz<\/a><\/div>\n\n\n\n<div class=\"wp-block-file\"><a id=\"wp-block-file--media-6f0ba16e-a123-42b4-a39e-bc4b9a15c166\" href=\"https:\/\/sp31.miastozabrze.pl\/wp-content\/uploads\/2025\/03\/Informacja-dot-przetwarzania-danych-osobowych-w-zakresie-skargi-i-wniosku-2.pdf\">Informacja-dot-przetwarzania-danych-osobowych-w-zakresie-skargi-i-wniosku<\/a><a href=\"https:\/\/sp31.miastozabrze.pl\/wp-content\/uploads\/2025\/03\/Informacja-dot-przetwarzania-danych-osobowych-w-zakresie-skargi-i-wniosku-2.pdf\" class=\"wp-block-file__button wp-element-button\" download aria-describedby=\"wp-block-file--media-6f0ba16e-a123-42b4-a39e-bc4b9a15c166\">Pobierz<\/a><\/div>\n\n\n\n<div class=\"wp-block-file\"><a id=\"wp-block-file--media-3a045f78-77dc-4f15-bc18-3d57f12314dc\" href=\"https:\/\/sp31.miastozabrze.pl\/wp-content\/uploads\/2025\/06\/obowiazek-informacyjny-pracownik-aktualizacja.docx-1.pdf\">Obowiazek-informacyjny-pracownik-aktualizacja.docx <\/a><a href=\"https:\/\/sp31.miastozabrze.pl\/wp-content\/uploads\/2025\/06\/obowiazek-informacyjny-pracownik-aktualizacja.docx-1.pdf\" class=\"wp-block-file__button wp-element-button\" download aria-describedby=\"wp-block-file--media-3a045f78-77dc-4f15-bc18-3d57f12314dc\">Pobierz<\/a><\/div>\n\n\n\n<div class=\"wp-block-file\"><a id=\"wp-block-file--media-ef2bf268-1cdf-46b2-ba53-876de9c1e616\" href=\"https:\/\/sp31.miastozabrze.pl\/wp-content\/uploads\/2025\/03\/Informacja-dot-przetwarzania-danych-osobowych-w-zakresie-ksiegi-wejsc-wyjsc-2.pdf\">Informacja-dot-przetwarzania-danych-osobowych-w-zakresie-ksiegi-wejsc-wyjsc<\/a><a href=\"https:\/\/sp31.miastozabrze.pl\/wp-content\/uploads\/2025\/03\/Informacja-dot-przetwarzania-danych-osobowych-w-zakresie-ksiegi-wejsc-wyjsc-2.pdf\" class=\"wp-block-file__button wp-element-button\" download aria-describedby=\"wp-block-file--media-ef2bf268-1cdf-46b2-ba53-876de9c1e616\">Pobierz<\/a><\/div>\n\n\n\n<div class=\"wp-block-file\"><a id=\"wp-block-file--media-50a31edb-fb1b-4271-8d75-9e5c80b70e8e\" href=\"https:\/\/sp31.miastozabrze.pl\/wp-content\/uploads\/2025\/03\/Informacja-dot-przetwarzania-danych-osobowych-w-zakresie-umowy.docx-3.pdf\">Informacja-dot-przetwarzania-danych-osobowych-w-zakresie-umowy.docx<\/a><a href=\"https:\/\/sp31.miastozabrze.pl\/wp-content\/uploads\/2025\/03\/Informacja-dot-przetwarzania-danych-osobowych-w-zakresie-umowy.docx-3.pdf\" class=\"wp-block-file__button wp-element-button\" download aria-describedby=\"wp-block-file--media-50a31edb-fb1b-4271-8d75-9e5c80b70e8e\">Pobierz<\/a><\/div>\n\n\n\n<div class=\"wp-block-file\"><a id=\"wp-block-file--media-4b743b0d-bced-4143-94cd-22a519999366\" href=\"https:\/\/sp31.miastozabrze.pl\/wp-content\/uploads\/2025\/03\/Informacja-dot-przetwarzania-danych-osobowych-w-zakresie-monitoringu-1-2.pdf\">Informacja-dot-przetwarzania-danych-osobowych-w-zakresie-monitoringu <\/a><a href=\"https:\/\/sp31.miastozabrze.pl\/wp-content\/uploads\/2025\/03\/Informacja-dot-przetwarzania-danych-osobowych-w-zakresie-monitoringu-1-2.pdf\" class=\"wp-block-file__button wp-element-button\" download aria-describedby=\"wp-block-file--media-4b743b0d-bced-4143-94cd-22a519999366\">Pobierz<\/a><\/div>\n\n\n\n<div class=\"wp-block-file\"><a id=\"wp-block-file--media-90e5af21-90e6-452b-9315-9cfd59304660\" href=\"https:\/\/sp31.miastozabrze.pl\/wp-content\/uploads\/2025\/03\/Informacja-dot-przetwarzania-danych-osobowych-w-zakresie-zamowienia-publicznego.pdf\">Informacja-dot-przetwarzania-danych-osobowych-w-zakresie-zamowienia-publicznego<\/a><a href=\"https:\/\/sp31.miastozabrze.pl\/wp-content\/uploads\/2025\/03\/Informacja-dot-przetwarzania-danych-osobowych-w-zakresie-zamowienia-publicznego.pdf\" class=\"wp-block-file__button wp-element-button\" download aria-describedby=\"wp-block-file--media-90e5af21-90e6-452b-9315-9cfd59304660\">Pobierz<\/a><\/div>\n\n\n\n<p><\/p>\n","protected":false},"excerpt":{"rendered":"<p>OCHRONA DANYCH OSOBOWYCH Podstawa prawna: Administrator Danych Osobowych: Szko\u0142a Podstawowa nr 31 w Zabrzu, ul. Jordana 7, 41-800 Zabrze, tel. 032\/272 21 09, e-mail: sekretariat@sp31.zabrze.pl [&hellip;]<\/p>\n","protected":false},"author":1,"featured_media":0,"parent":0,"menu_order":0,"comment_status":"closed","ping_status":"closed","template":"","meta":{"_regular_price":[],"currency_symbol":[],"_kadence_starter_templates_imported_post":false,"footnotes":""},"class_list":["post-2069","page","type-page","status-publish","hentry"],"post_slider_layout_featured_media_urls":{"thumbnail":"","post_slider_layout_landscape_large":"","post_slider_layout_portrait_large":"","post_slider_layout_square_large":"","post_slider_layout_landscape":"","post_slider_layout_portrait":"","post_slider_layout_square":"","full":""},"_links":{"self":[{"href":"https:\/\/sp31.miastozabrze.pl\/index.php?rest_route=\/wp\/v2\/pages\/2069","targetHints":{"allow":["GET"]}}],"collection":[{"href":"https:\/\/sp31.miastozabrze.pl\/index.php?rest_route=\/wp\/v2\/pages"}],"about":[{"href":"https:\/\/sp31.miastozabrze.pl\/index.php?rest_route=\/wp\/v2\/types\/page"}],"author":[{"embeddable":true,"href":"https:\/\/sp31.miastozabrze.pl\/index.php?rest_route=\/wp\/v2\/users\/1"}],"replies":[{"embeddable":true,"href":"https:\/\/sp31.miastozabrze.pl\/index.php?rest_route=%2Fwp%2Fv2%2Fcomments&post=2069"}],"version-history":[{"count":16,"href":"https:\/\/sp31.miastozabrze.pl\/index.php?rest_route=\/wp\/v2\/pages\/2069\/revisions"}],"predecessor-version":[{"id":2381,"href":"https:\/\/sp31.miastozabrze.pl\/index.php?rest_route=\/wp\/v2\/pages\/2069\/revisions\/2381"}],"wp:attachment":[{"href":"https:\/\/sp31.miastozabrze.pl\/index.php?rest_route=%2Fwp%2Fv2%2Fmedia&parent=2069"}],"curies":[{"name":"wp","href":"https:\/\/api.w.org\/{rel}","templated":true}]}}