{"id":145,"date":"2023-10-16T20:30:47","date_gmt":"2023-10-16T18:30:47","guid":{"rendered":"https:\/\/sp31.miastozabrze.pl\/?page_id=145"},"modified":"2023-11-20T16:36:20","modified_gmt":"2023-11-20T15:36:20","slug":"strefa-rodzica","status":"publish","type":"page","link":"https:\/\/sp31.miastozabrze.pl\/?page_id=145","title":{"rendered":"STREFA RODZICA"},"content":{"rendered":"\n<p> <strong>Numery\u00a0telefon\u00f3w zaufania oraz infolinii wsparcia dzieci i m\u0142odzie\u017cy oraz doros\u0142ych, kt\u00f3rzy potrzebuj\u0105 pomocy.<\/strong><\/p>\n\n\n\n<figure class=\"wp-block-image size-full\"><img loading=\"lazy\" decoding=\"async\" width=\"726\" height=\"838\" src=\"https:\/\/sp31.miastozabrze.pl\/wp-content\/uploads\/2023\/11\/image-1.png\" alt=\"\" class=\"wp-image-349\" srcset=\"https:\/\/sp31.miastozabrze.pl\/wp-content\/uploads\/2023\/11\/image-1.png 726w, https:\/\/sp31.miastozabrze.pl\/wp-content\/uploads\/2023\/11\/image-1-260x300.png 260w\" sizes=\"auto, (max-width: 726px) 100vw, 726px\" \/><\/figure>\n","protected":false},"excerpt":{"rendered":"<p>Numery\u00a0telefon\u00f3w zaufania oraz infolinii wsparcia dzieci i m\u0142odzie\u017cy oraz doros\u0142ych, kt\u00f3rzy potrzebuj\u0105 pomocy.<\/p>\n","protected":false},"author":1,"featured_media":0,"parent":0,"menu_order":0,"comment_status":"closed","ping_status":"closed","template":"","meta":{"_regular_price":[],"currency_symbol":[],"_kadence_starter_templates_imported_post":false,"footnotes":""},"class_list":["post-145","page","type-page","status-publish","hentry"],"post_slider_layout_featured_media_urls":{"thumbnail":"","post_slider_layout_landscape_large":"","post_slider_layout_portrait_large":"","post_slider_layout_square_large":"","post_slider_layout_landscape":"","post_slider_layout_portrait":"","post_slider_layout_square":"","full":""},"_links":{"self":[{"href":"https:\/\/sp31.miastozabrze.pl\/index.php?rest_route=\/wp\/v2\/pages\/145","targetHints":{"allow":["GET"]}}],"collection":[{"href":"https:\/\/sp31.miastozabrze.pl\/index.php?rest_route=\/wp\/v2\/pages"}],"about":[{"href":"https:\/\/sp31.miastozabrze.pl\/index.php?rest_route=\/wp\/v2\/types\/page"}],"author":[{"embeddable":true,"href":"https:\/\/sp31.miastozabrze.pl\/index.php?rest_route=\/wp\/v2\/users\/1"}],"replies":[{"embeddable":true,"href":"https:\/\/sp31.miastozabrze.pl\/index.php?rest_route=%2Fwp%2Fv2%2Fcomments&post=145"}],"version-history":[{"count":2,"href":"https:\/\/sp31.miastozabrze.pl\/index.php?rest_route=\/wp\/v2\/pages\/145\/revisions"}],"predecessor-version":[{"id":350,"href":"https:\/\/sp31.miastozabrze.pl\/index.php?rest_route=\/wp\/v2\/pages\/145\/revisions\/350"}],"wp:attachment":[{"href":"https:\/\/sp31.miastozabrze.pl\/index.php?rest_route=%2Fwp%2Fv2%2Fmedia&parent=145"}],"curies":[{"name":"wp","href":"https:\/\/api.w.org\/{rel}","templated":true}]}}