{"id":136,"date":"2023-10-16T19:45:06","date_gmt":"2023-10-16T17:45:06","guid":{"rendered":"https:\/\/sp31.miastozabrze.pl\/?page_id=136"},"modified":"2023-11-03T18:49:22","modified_gmt":"2023-11-03T17:49:22","slug":"aktualnosci","status":"publish","type":"page","link":"https:\/\/sp31.miastozabrze.pl\/?page_id=136","title":{"rendered":"AKTUALNO\u015aCI"},"content":{"rendered":"\n<div class=\"wp-block-query is-layout-flow wp-block-query-is-layout-flow\"><ul class=\"columns-3 wp-block-post-template is-layout-grid wp-container-core-post-template-is-layout-2fc57c17 wp-block-post-template-is-layout-grid\"><li class=\"wp-block-post post-2957 post type-post status-publish format-standard hentry category-bez-kategorii category-doradztwo-zawodowe category-klasa-8\">\n\n<div class=\"wp-block-group\" style=\"padding-top:30px;padding-right:30px;padding-bottom:30px;padding-left:30px\"><div class=\"wp-block-group__inner-container is-layout-flow wp-block-group-is-layout-flow\"><h2 class=\"wp-block-post-title\"><a href=\"https:\/\/sp31.miastozabrze.pl\/?p=2957\" target=\"_self\" >Festiwal Dni Otwartych Szk\u00f3\u0142 Ponadpodstawowych<\/a><\/h2>\n\n<div class=\"wp-block-post-excerpt\"><p class=\"wp-block-post-excerpt__excerpt\"> <\/p><\/div>\n\n<div class=\"wp-block-post-date\"><time datetime=\"2026-03-23T09:15:29+01:00\">2026-03-23<\/time><\/div><\/div><\/div>\n\n<\/li><li class=\"wp-block-post post-2949 post type-post status-publish format-standard hentry category-aktualnosci category-doradztwo-zawodowe category-klasa-8\">\n\n<div class=\"wp-block-group\" style=\"padding-top:30px;padding-right:30px;padding-bottom:30px;padding-left:30px\"><div class=\"wp-block-group__inner-container is-layout-flow wp-block-group-is-layout-flow\"><h2 class=\"wp-block-post-title\"><a href=\"https:\/\/sp31.miastozabrze.pl\/?p=2949\" target=\"_self\" >Dni Otwarte<\/a><\/h2>\n\n<div class=\"wp-block-post-excerpt\"><p class=\"wp-block-post-excerpt__excerpt\"> <\/p><\/div>\n\n<div class=\"wp-block-post-date\"><time datetime=\"2026-03-18T11:45:11+01:00\">2026-03-18<\/time><\/div><\/div><\/div>\n\n<\/li><li class=\"wp-block-post post-2930 post type-post status-publish format-standard hentry category-aktualnosci category-code-for-blue\">\n\n<div class=\"wp-block-group\" style=\"padding-top:30px;padding-right:30px;padding-bottom:30px;padding-left:30px\"><div class=\"wp-block-group__inner-container is-layout-flow wp-block-group-is-layout-flow\"><h2 class=\"wp-block-post-title\"><a href=\"https:\/\/sp31.miastozabrze.pl\/?p=2930\" target=\"_self\" >Co m\u00f3wi rzeka?<\/a><\/h2>\n\n<div class=\"wp-block-post-excerpt\"><p class=\"wp-block-post-excerpt__excerpt\">Wyrastamy z wody, kt\u00f3ra ma \u017cyciodajn\u0105 si\u0142\u0119. Uwa\u017camy, \u017ce mamy nad ni\u0105 kontrol\u0119&#8230; Film Ewy Ewart &#8222;Do ostatniej kropli&#8221; udowadnia, \u017ce sytuacja jest bardziej z\u0142o\u017cona, [&hellip;] <\/p><\/div>\n\n<div class=\"wp-block-post-date\"><time datetime=\"2026-03-10T18:52:25+01:00\">2026-03-10<\/time><\/div><\/div><\/div>\n\n<\/li><li class=\"wp-block-post post-2926 post type-post status-publish format-standard hentry category-aktualnosci\">\n\n<div class=\"wp-block-group\" style=\"padding-top:30px;padding-right:30px;padding-bottom:30px;padding-left:30px\"><div class=\"wp-block-group__inner-container is-layout-flow wp-block-group-is-layout-flow\"><h2 class=\"wp-block-post-title\"><a href=\"https:\/\/sp31.miastozabrze.pl\/?p=2926\" target=\"_self\" >Cybermoc<\/a><\/h2>\n\n<div class=\"wp-block-post-excerpt\"><p class=\"wp-block-post-excerpt__excerpt\"> <\/p><\/div>\n\n<div class=\"wp-block-post-date\"><time datetime=\"2026-03-10T08:30:52+01:00\">2026-03-10<\/time><\/div><\/div><\/div>\n\n<\/li><li class=\"wp-block-post post-2917 post type-post status-publish format-standard hentry category-aktualnosci category-laboratorium\">\n\n<div class=\"wp-block-group\" style=\"padding-top:30px;padding-right:30px;padding-bottom:30px;padding-left:30px\"><div class=\"wp-block-group__inner-container is-layout-flow wp-block-group-is-layout-flow\"><h2 class=\"wp-block-post-title\"><a href=\"https:\/\/sp31.miastozabrze.pl\/?p=2917\" target=\"_self\" >Gruzi\u0144ski chlebek zamiast pizzy<\/a><\/h2>\n\n<div class=\"wp-block-post-excerpt\"><p class=\"wp-block-post-excerpt__excerpt\">Podczas k\u00f3\u0142ka prozdrowotnego uczennice klasy 6a pod okiem swojej wychowawczyni, pani Katarzyny Krulickiej, przygotowa\u0142y ciep\u0142\u0105 przek\u0105sk\u0119, kt\u00f3r\u0105 podzieli\u0142y si\u0119 z kolegami. Na talerzach pojawi\u0142y si\u0119 [&hellip;] <\/p><\/div>\n\n<div class=\"wp-block-post-date\"><time datetime=\"2026-03-06T18:52:00+01:00\">2026-03-06<\/time><\/div><\/div><\/div>\n\n<\/li><li class=\"wp-block-post post-2885 post type-post status-publish format-standard hentry category-strefa-rodzica\">\n\n<div class=\"wp-block-group\" style=\"padding-top:30px;padding-right:30px;padding-bottom:30px;padding-left:30px\"><div class=\"wp-block-group__inner-container is-layout-flow wp-block-group-is-layout-flow\"><h2 class=\"wp-block-post-title\"><a href=\"https:\/\/sp31.miastozabrze.pl\/?p=2885\" target=\"_self\" >Rekrutacja do klas I w roku szkolnym 2026\/2027<\/a><\/h2>\n\n<div class=\"wp-block-post-excerpt\"><p class=\"wp-block-post-excerpt__excerpt\"> <\/p><\/div>\n\n<div class=\"wp-block-post-date\"><time datetime=\"2026-02-25T12:32:44+01:00\">2026-02-25<\/time><\/div><\/div><\/div>\n\n<\/li><\/ul><\/div>\n","protected":false},"excerpt":{"rendered":"","protected":false},"author":2,"featured_media":0,"parent":0,"menu_order":0,"comment_status":"closed","ping_status":"closed","template":"","meta":{"_regular_price":[],"currency_symbol":[],"_kadence_starter_templates_imported_post":false,"footnotes":""},"class_list":["post-136","page","type-page","status-publish","hentry"],"post_slider_layout_featured_media_urls":{"thumbnail":"","post_slider_layout_landscape_large":"","post_slider_layout_portrait_large":"","post_slider_layout_square_large":"","post_slider_layout_landscape":"","post_slider_layout_portrait":"","post_slider_layout_square":"","full":""},"_links":{"self":[{"href":"https:\/\/sp31.miastozabrze.pl\/index.php?rest_route=\/wp\/v2\/pages\/136","targetHints":{"allow":["GET"]}}],"collection":[{"href":"https:\/\/sp31.miastozabrze.pl\/index.php?rest_route=\/wp\/v2\/pages"}],"about":[{"href":"https:\/\/sp31.miastozabrze.pl\/index.php?rest_route=\/wp\/v2\/types\/page"}],"author":[{"embeddable":true,"href":"https:\/\/sp31.miastozabrze.pl\/index.php?rest_route=\/wp\/v2\/users\/2"}],"replies":[{"embeddable":true,"href":"https:\/\/sp31.miastozabrze.pl\/index.php?rest_route=%2Fwp%2Fv2%2Fcomments&post=136"}],"version-history":[{"count":2,"href":"https:\/\/sp31.miastozabrze.pl\/index.php?rest_route=\/wp\/v2\/pages\/136\/revisions"}],"predecessor-version":[{"id":217,"href":"https:\/\/sp31.miastozabrze.pl\/index.php?rest_route=\/wp\/v2\/pages\/136\/revisions\/217"}],"wp:attachment":[{"href":"https:\/\/sp31.miastozabrze.pl\/index.php?rest_route=%2Fwp%2Fv2%2Fmedia&parent=136"}],"curies":[{"name":"wp","href":"https:\/\/api.w.org\/{rel}","templated":true}]}}